{"id":337,"date":"2022-03-03T09:27:41","date_gmt":"2022-03-03T12:27:41","guid":{"rendered":"https:\/\/seyconel.com\/es\/?post_type=product&#038;p=337"},"modified":"2024-09-17T13:54:43","modified_gmt":"2024-09-17T16:54:43","slug":"sirena-ssr500","status":"publish","type":"product","link":"https:\/\/seyconel.com\/es\/productos\/sirena-ssr500\/","title":{"rendered":"Sirena SSR500"},"content":{"rendered":"<h3>Modelos y aplicaciones<\/h3>\n<table style=\"border-collapse: collapse;width: 100%\">\n<tbody>\n<tr>\n<td style=\"width: 50%;text-align: center\">\n<h3>127V ou 220V<\/h3>\n<p>Aviso sonoro de cambio de turno\/periodo.<br \/>\n(sonido de corta duraci\u00f3n &#8211; hasta 15min. intermitente)<\/p>\n<p>Conexi\u00f3n a la red el\u00e9ctrica.<\/td>\n<td style=\"width: 50%;text-align: center\">\n<h3>12VDC ou 24VDC<\/h3>\n<p>Aviso ac\u00fastico para la alarma de seguridad\/incendio y los veh\u00edculos.<br \/>\n(sonido continuo)<\/p>\n<p>Bater\u00eda de 12VDC o conexi\u00f3n de bater\u00eda de 24VDC.<\/td>\n<\/tr>\n<\/tbody>\n<\/table>\n<h3>Caracter\u00edsticas t\u00e9cnicas de la sirena DP300<\/h3>\n<ul>\n<li>Cubre una superficie aproximada de 300 m.<\/li>\n<li>Alcanza 105dB a 1m.<\/li>\n<li>Modelos: 127VAC, 220VAC, 12VDC ou 24 VDC.<\/li>\n<li>Potencia: 60 Watts.<\/li>\n<li>Corriente: 0,5A &#8211; 127VAC \/ 0,3A &#8211; 220VAC \/ 3A &#8211; 12 ou 24VDC.<\/li>\n<li>Frecuencia: 50\/60 Hz.<\/li>\n<li>Medidas (mm): 138 x 98 x 85.<\/li>\n<li>Peso: 650g.<\/li>\n<li>Tiempo m\u00e1ximo de uso continuo: seg\u00fan modelo.<\/li>\n<li>01 a\u00f1o de garant\u00eda.<\/li>\n<li>Permite la conexi\u00f3n en paralelo con el DPSIN Bell Driver, respetando el l\u00edmite de 5A.<\/li>\n<\/ul>\n<h3>Compruebe el funcionamiento del DP300<\/h3>\n<!--[if lt IE 9]><script>document.createElement('audio');<\/script><![endif]-->\n<audio class=\"wp-audio-shortcode\" id=\"audio-337-1\" preload=\"none\" style=\"width: 100%;\" controls=\"controls\"><source type=\"audio\/mpeg\" src=\"http:\/\/seyconel.com.br\/wp-content\/uploads\/2019\/12\/sirene-eletromecanica-diponto-dp300.mp3?_=1\" \/><a href=\"http:\/\/seyconel.com.br\/wp-content\/uploads\/2019\/12\/sirene-eletromecanica-diponto-dp300.mp3\">http:\/\/seyconel.com.br\/wp-content\/uploads\/2019\/12\/sirene-eletromecanica-diponto-dp300.mp3<\/a><\/audio>\n<h3>Descargar QuickStart<\/h3>\n<figure id=\"attachment_4983\" aria-describedby=\"caption-attachment-4983\" style=\"width: 75px\" class=\"wp-caption alignnone\"><a href=\"https:\/\/seyconel.com.br\/download\/quickstart-sirene-dp300\/\" target=\"_blank\" rel=\"noopener\"><img loading=\"lazy\" class=\"wp-image-4983\" src=\"http:\/\/seyconel.com.br\/wp-content\/uploads\/2019\/12\/img-site49-225x300.png\" alt=\"Seyconel - Download\" width=\"75\" height=\"100\" \/><\/a><figcaption id=\"caption-attachment-4983\" class=\"wp-caption-text\">QuickStart<\/figcaption><\/figure>\n","protected":false},"excerpt":{"rendered":"<div class=\"row\">\n<div class=\"col-lg-6 pt-2\">\n<div class=\"row\">\n<div class=\"col-lg-6 pt-2\">\n<p>Se\u00f1alizaci\u00f3n y seguridad juntas en un dispositivo dise\u00f1ado para lugares en los que hay que evitar situaciones de peligro.<\/p>\n<p>La sirena DP300 puede utilizarse en puentes gr\u00faa, puertas, maquinaria, elevadores, entre otros equipos.<\/p>\n<p>Este dispositivo es una sirena electromec\u00e1nica con estructura inyectada en ABS inmune a la corrosi\u00f3n y con un mejor acabado para generar una mayor presi\u00f3n sonora.<\/p>\n<p>Su conexi\u00f3n puede realizarse directamente en la toma de corriente, con interruptor, temporizadores, etc.<\/p>\n<\/div>\n<\/div>\n<\/div>\n<\/div>\n","protected":false},"featured_media":374,"template":"","meta":[],"product_cat":[153],"product_tag":[235,236],"_links":{"self":[{"href":"https:\/\/seyconel.com\/es\/wp-json\/wp\/v2\/product\/337"}],"collection":[{"href":"https:\/\/seyconel.com\/es\/wp-json\/wp\/v2\/product"}],"about":[{"href":"https:\/\/seyconel.com\/es\/wp-json\/wp\/v2\/types\/product"}],"version-history":[{"count":5,"href":"https:\/\/seyconel.com\/es\/wp-json\/wp\/v2\/product\/337\/revisions"}],"predecessor-version":[{"id":1344,"href":"https:\/\/seyconel.com\/es\/wp-json\/wp\/v2\/product\/337\/revisions\/1344"}],"wp:featuredmedia":[{"embeddable":true,"href":"https:\/\/seyconel.com\/es\/wp-json\/wp\/v2\/media\/374"}],"wp:attachment":[{"href":"https:\/\/seyconel.com\/es\/wp-json\/wp\/v2\/media?parent=337"}],"wp:term":[{"taxonomy":"product_cat","embeddable":true,"href":"https:\/\/seyconel.com\/es\/wp-json\/wp\/v2\/product_cat?post=337"},{"taxonomy":"product_tag","embeddable":true,"href":"https:\/\/seyconel.com\/es\/wp-json\/wp\/v2\/product_tag?post=337"}],"curies":[{"name":"wp","href":"https:\/\/api.w.org\/{rel}","templated":true}]}}