{"id":336,"date":"2022-03-03T09:27:40","date_gmt":"2022-03-03T12:27:40","guid":{"rendered":"https:\/\/seyconel.com\/es\/?post_type=product&#038;p=336"},"modified":"2024-09-17T13:59:30","modified_gmt":"2024-09-17T16:59:30","slug":"control-remoto-industrial-alpha-6000","status":"publish","type":"product","link":"https:\/\/seyconel.com\/es\/productos\/control-remoto-industrial-alpha-6000\/","title":{"rendered":"Control Remoto Industrial Alpha 6000"},"content":{"rendered":"<p>El mando a distancia industrial alpha 6000 es un sistema de radiocontrol industrial muy sofisticado. Las vers\u00e1tiles caracter\u00edsticas de la Alpha 6000 permiten su uso en una amplia gama de aplicaciones industriales. Al ser un dispositivo con varias posibilidades de personalizaci\u00f3n, el sistema puede utilizarse para controlar todo tipo de gr\u00faas industriales, gr\u00faas, equipos de construcci\u00f3n, sistemas de control autom\u00e1tico, equipos de miner\u00eda y muchos otros.<\/p>\n<p>Incorpora numerosas funciones avanzadas de seguridad y programaci\u00f3n de software que garantizan la m\u00e1xima seguridad en el lugar de trabajo.<\/p>\n<ul>\n<li>Homologado por ANATEL;<\/li>\n<li>Programaci\u00f3n por medio de software;<\/li>\n<li>Equipo personalizable;<\/li>\n<li>Un joystick de uno o dos ejes con hasta 5 velocidades;<\/li>\n<li>Cargador de bater\u00edas;<\/li>\n<li>Antena externa en el receptor; y<\/li>\n<li>Receptor en carcasa met\u00e1lica, reforzado y con reducci\u00f3n de interferencias externas.<\/li>\n<\/ul>\n","protected":false},"excerpt":{"rendered":"<h5>Soluci\u00f3n para: Gr\u00faas<\/h5>\n<p>&nbsp;<\/p>\n","protected":false},"featured_media":372,"template":"","meta":[],"product_cat":[148,152],"product_tag":[250,181,223,182,43,251,196,183],"_links":{"self":[{"href":"https:\/\/seyconel.com\/es\/wp-json\/wp\/v2\/product\/336"}],"collection":[{"href":"https:\/\/seyconel.com\/es\/wp-json\/wp\/v2\/product"}],"about":[{"href":"https:\/\/seyconel.com\/es\/wp-json\/wp\/v2\/types\/product"}],"version-history":[{"count":5,"href":"https:\/\/seyconel.com\/es\/wp-json\/wp\/v2\/product\/336\/revisions"}],"predecessor-version":[{"id":1353,"href":"https:\/\/seyconel.com\/es\/wp-json\/wp\/v2\/product\/336\/revisions\/1353"}],"wp:featuredmedia":[{"embeddable":true,"href":"https:\/\/seyconel.com\/es\/wp-json\/wp\/v2\/media\/372"}],"wp:attachment":[{"href":"https:\/\/seyconel.com\/es\/wp-json\/wp\/v2\/media?parent=336"}],"wp:term":[{"taxonomy":"product_cat","embeddable":true,"href":"https:\/\/seyconel.com\/es\/wp-json\/wp\/v2\/product_cat?post=336"},{"taxonomy":"product_tag","embeddable":true,"href":"https:\/\/seyconel.com\/es\/wp-json\/wp\/v2\/product_tag?post=336"}],"curies":[{"name":"wp","href":"https:\/\/api.w.org\/{rel}","templated":true}]}}