{"id":335,"date":"2022-03-03T09:27:40","date_gmt":"2022-03-03T12:27:40","guid":{"rendered":"https:\/\/seyconel.com\/es\/?post_type=product&#038;p=335"},"modified":"2024-09-17T16:18:31","modified_gmt":"2024-09-17T19:18:31","slug":"control-remoto-industrial-ezb64","status":"publish","type":"product","link":"https:\/\/seyconel.com\/es\/productos\/control-remoto-industrial-ezb64\/","title":{"rendered":"Control Remoto Industrial EZB64"},"content":{"rendered":"<h2>\u00bfPensaste en la econom\u00eda? El mando a distancia industrial EZB64 es la soluci\u00f3n.<\/h2>\n<p>La L\u00ednea econ\u00f3mica EZB64 de Control Remoto Industrial, tiene varios modelos, entre ellos, presentamos el modelo con 12 botones de velocidad simple para las m\u00e1s diversas aplicaciones en m\u00e1quinas y equipos industriales del mercado, por lo tanto el modelo m\u00e1s econ\u00f3mico.<\/p>\n<p>El mando a distancia industrial EZB64 dispone de un indicador LED del estado del transmisor, que se\u00f1ala al operador si el transmisor est\u00e1 encendido, apagado o con la bater\u00eda baja, precisamente porque as\u00ed se evitan paradas inesperadas en medio de la operaci\u00f3n o proceso con el puente gr\u00faa.<\/p>\n<p>El control remoto EZB64 viene equipado con 2 gomas anti-impacto, instaladas en la parte superior e inferior, por lo tanto, aumenta significativamente la vida \u00fatil del equipo, adem\u00e1s de dejarlo con un dise\u00f1o moderno y actualizado.<\/p>\n<h4>\u00bfPor qu\u00e9 utilizar el mando a distancia EZB64?<\/h4>\n<p>Porque est\u00e1 homologado por ANATEL y por lo tanto funciona con la frecuencia de 433Mhz, adem\u00e1s de tener 68 canales.<\/p>\n<p>Tiene la programaci\u00f3n a trav\u00e9s del software y el programador conectado a la entrada USB del ordenador\/port\u00e1til, por lo que es posible cambiar de canal de forma r\u00e1pida, eficiente y completamente segura.<\/p>\n<h2>Caracter\u00edsticas del EZB64<\/h2>\n<ul>\n<li><strong>Leve e Compacto<\/strong>: o exclusivo design torna-o at\u00e9 50% mais leve e menor que os concorrentes.<\/li>\n<li><strong>Econ\u00f4mico<\/strong>: o avan\u00e7ado circuito de economia de energia permite o trabalho continuo por at\u00e9 6 dias ( com trabalho de 10h por dia), com um jogo de pilhas.<\/li>\n<\/ul>\n<h4>Disponible en las siguientes variaciones:<\/h4>\n<ol>\n<li>EZB64 \u2192 (4) 1 etapa + bot\u00f3n de emergencia<\/li>\n<\/ol>\n<p><img loading=\"lazy\" class=\"alignnone  wp-image-1369\" src=\"https:\/\/seyconel.com\/es\/wp-content\/uploads\/2022\/03\/Tabela-Alpha-EZB-300x169.jpg\" alt=\"\" width=\"833\" height=\"469\" srcset=\"https:\/\/seyconel.com\/es\/wp-content\/uploads\/2022\/03\/Tabela-Alpha-EZB-300x169.jpg 300w, https:\/\/seyconel.com\/es\/wp-content\/uploads\/2022\/03\/Tabela-Alpha-EZB-1024x576.jpg 1024w, https:\/\/seyconel.com\/es\/wp-content\/uploads\/2022\/03\/Tabela-Alpha-EZB-768x432.jpg 768w, https:\/\/seyconel.com\/es\/wp-content\/uploads\/2022\/03\/Tabela-Alpha-EZB-1536x864.jpg 1536w, https:\/\/seyconel.com\/es\/wp-content\/uploads\/2022\/03\/Tabela-Alpha-EZB-600x338.jpg 600w, https:\/\/seyconel.com\/es\/wp-content\/uploads\/2022\/03\/Tabela-Alpha-EZB.jpg 1920w\" sizes=\"(max-width: 833px) 100vw, 833px\" \/><\/p>\n","protected":false},"excerpt":{"rendered":"<p>\u00bfPensaste en la econom\u00eda? El mando a distancia industrial EZB64 es la soluci\u00f3n. La L\u00ednea econ\u00f3mica EZB64 de Control Remoto Industrial, tiene varios modelos, entre ellos, presentamos el modelo con 12 botones de velocidad simple para las m\u00e1s diversas aplicaciones en m\u00e1quinas y equipos industriales del mercado, por lo tanto el modelo m\u00e1s econ\u00f3mico. El [&hellip;]<\/p>\n","protected":false},"featured_media":370,"template":"","meta":[],"product_cat":[148,151],"product_tag":[181,223,182,38,39,40,228,196,183],"_links":{"self":[{"href":"https:\/\/seyconel.com\/es\/wp-json\/wp\/v2\/product\/335"}],"collection":[{"href":"https:\/\/seyconel.com\/es\/wp-json\/wp\/v2\/product"}],"about":[{"href":"https:\/\/seyconel.com\/es\/wp-json\/wp\/v2\/types\/product"}],"version-history":[{"count":6,"href":"https:\/\/seyconel.com\/es\/wp-json\/wp\/v2\/product\/335\/revisions"}],"predecessor-version":[{"id":1373,"href":"https:\/\/seyconel.com\/es\/wp-json\/wp\/v2\/product\/335\/revisions\/1373"}],"wp:featuredmedia":[{"embeddable":true,"href":"https:\/\/seyconel.com\/es\/wp-json\/wp\/v2\/media\/370"}],"wp:attachment":[{"href":"https:\/\/seyconel.com\/es\/wp-json\/wp\/v2\/media?parent=335"}],"wp:term":[{"taxonomy":"product_cat","embeddable":true,"href":"https:\/\/seyconel.com\/es\/wp-json\/wp\/v2\/product_cat?post=335"},{"taxonomy":"product_tag","embeddable":true,"href":"https:\/\/seyconel.com\/es\/wp-json\/wp\/v2\/product_tag?post=335"}],"curies":[{"name":"wp","href":"https:\/\/api.w.org\/{rel}","templated":true}]}}