{"id":334,"date":"2022-03-03T09:27:40","date_gmt":"2022-03-03T12:27:40","guid":{"rendered":"https:\/\/seyconel.com\/es\/?post_type=product&#038;p=334"},"modified":"2024-09-17T13:59:48","modified_gmt":"2024-09-17T16:59:48","slug":"control-remoto-industrial-alpha-4008","status":"publish","type":"product","link":"https:\/\/seyconel.com\/es\/productos\/control-remoto-industrial-alpha-4008\/","title":{"rendered":"Control Remoto Industrial Alpha 4008"},"content":{"rendered":"<p>El mando a distancia industrial Alpha 4008 se caracteriza por su gran durabilidad, fiabilidad y seguridad. Las vers\u00e1tiles caracter\u00edsticas de la l\u00ednea Alpha 4012 permiten el uso de diferentes aplicaciones de control remoto industrial.<\/p>\n<p>El sistema incorpora numerosos circuitos de seguridad que garantizan la m\u00e1xima protecci\u00f3n y aseguran que el sistema est\u00e9 libre de interferencias externas.<\/p>\n<h2>Caracter\u00edsticas del mando a distancia industrial Alpha 4008<\/h2>\n<h3>Sistema de modo Pitch y Catch<\/h3>\n<p>El mando a distancia industrial Alpha 4008 es ideal para equipos operados por dos operarios, en los que s\u00f3lo uno de ellos puede trabajar y no sufrir interferencias del transmisor que sostiene el segundo operario.<\/p>\n<h3>Modo de acceso aleatorio<\/h3>\n<p>Se utiliza cuando es necesario que un operador seleccione hasta 8 equipos diferentes.<\/p>\n<h3>Modo t\u00e1ndem<\/h3>\n<p>Se aplica cuando la necesidad de operar dos gr\u00faas al mismo tiempo por un operador.<\/p>\n<h3>Modo de protecci\u00f3n 1R2T<\/h3>\n<p>Se aplica cuando dos personas necesitan operar el mismo equipo, pero sin la opci\u00f3n de habilitar el segundo transmisor.<\/p>\n<p>Alpha 4008-1 \u2192 (8) 1 etapa + bot\u00f3n de emergencia<br \/>\nAlpha 4008-1S \u2192 (7) pulsadores de 1 etapa, (1) selector + bot\u00f3n de emergencia<br \/>\nAlpha 4012-2 \u2192 (8) 2 etapas + bot\u00f3n de emergencia<br \/>\nAlpha 4012-3 \u2192 (6) pulsadores de 2 etapas, (2) botones auxiliares + de emergencia<br \/>\nAlpha 4012-3S \u2192 (6) pulsadores de 2 pasos, (1) bot\u00f3n auxiliar, (1) selector + bot\u00f3n de emergencia<\/p>\n<p>Consulte otras variantes: L\u00ednea Alpha 4000<\/p>\n","protected":false},"excerpt":{"rendered":"<p><strong>Soluci\u00f3n para<\/strong>: Gr\u00faas industriales, monorra\u00edles, gr\u00faas, equipos de miner\u00eda, equipos de construcci\u00f3n, sistemas de control autom\u00e1tico y muchos otros.<\/p>\n","protected":false},"featured_media":368,"template":"","meta":[],"product_cat":[148,150],"product_tag":[248,181,223,182,249,196,183],"_links":{"self":[{"href":"https:\/\/seyconel.com\/es\/wp-json\/wp\/v2\/product\/334"}],"collection":[{"href":"https:\/\/seyconel.com\/es\/wp-json\/wp\/v2\/product"}],"about":[{"href":"https:\/\/seyconel.com\/es\/wp-json\/wp\/v2\/types\/product"}],"version-history":[{"count":4,"href":"https:\/\/seyconel.com\/es\/wp-json\/wp\/v2\/product\/334\/revisions"}],"predecessor-version":[{"id":1351,"href":"https:\/\/seyconel.com\/es\/wp-json\/wp\/v2\/product\/334\/revisions\/1351"}],"wp:featuredmedia":[{"embeddable":true,"href":"https:\/\/seyconel.com\/es\/wp-json\/wp\/v2\/media\/368"}],"wp:attachment":[{"href":"https:\/\/seyconel.com\/es\/wp-json\/wp\/v2\/media?parent=334"}],"wp:term":[{"taxonomy":"product_cat","embeddable":true,"href":"https:\/\/seyconel.com\/es\/wp-json\/wp\/v2\/product_cat?post=334"},{"taxonomy":"product_tag","embeddable":true,"href":"https:\/\/seyconel.com\/es\/wp-json\/wp\/v2\/product_tag?post=334"}],"curies":[{"name":"wp","href":"https:\/\/api.w.org\/{rel}","templated":true}]}}