{"id":333,"date":"2022-03-03T09:27:40","date_gmt":"2022-03-03T12:27:40","guid":{"rendered":"https:\/\/seyconel.com\/es\/?post_type=product&#038;p=333"},"modified":"2024-09-17T14:00:11","modified_gmt":"2024-09-17T17:00:11","slug":"control-remoto-industrial-alpha-608xs","status":"publish","type":"product","link":"https:\/\/seyconel.com\/es\/productos\/control-remoto-industrial-alpha-608xs\/","title":{"rendered":"Control Remoto Industrial Alpha 608XS"},"content":{"rendered":"<p>La l\u00ednea de control remoto industrial Alpha 608XS tiene una alta durabilidad, fiabilidad y seguridad del sistema de control remoto industrial. Las vers\u00e1tiles caracter\u00edsticas de la serie Alpha 608XS permiten el uso de diferentes aplicaciones de control remoto. El sistema puede utilizarse en gr\u00faas de f\u00e1brica, monorra\u00edles, gr\u00faas m\u00faltiples, equipos de miner\u00eda, equipos de construcci\u00f3n, sistemas de control autom\u00e1tico y muchos otros.<\/p>\n<p>El conjunto consta de 1 receptor y 2 transmisores. El transmisor est\u00e1 compuesto dentro de una placa electr\u00f3nica que tiene la funci\u00f3n de enviar comandos al receptor a trav\u00e9s de ondas de radiofrecuencia. El receptor de radio de control remoto industrial alfa 608xs est\u00e1 compuesto, en su interior, por dos placas electr\u00f3nicas, una que recibe la se\u00f1al de comando del transmisor y la otra que convierte la se\u00f1al en pulsos el\u00e9ctricos para la activaci\u00f3n de sus rel\u00e9s.<\/p>\n<h2>Funcionalidades<\/h2>\n<ul>\n<li><span class=\"VIiyi\" lang=\"es\"><span class=\"JLqJ4b ChMk0b\" data-language-for-alternatives=\"es\" data-language-to-translate-into=\"pt\" data-phrase-index=\"0\" data-number-of-phrases=\"1\"><strong>Funci\u00f3n Hombre Muerto<\/strong>: esta funci\u00f3n viene con un bot\u00f3n en la parte trasera, y el operador debe mantenerlo siempre presionado para que env\u00ede las se\u00f1ales de los otros botones al receptor, si el operador no lo presiona, el transmisor deja de enviar la se\u00f1al .<\/span><\/span><\/li>\n<li><span class=\"VIiyi\" lang=\"es\"><span class=\"JLqJ4b ChMk0b\" data-language-for-alternatives=\"es\" data-language-to-translate-into=\"pt\" data-phrase-index=\"0\" data-number-of-phrases=\"1\"><strong>Software Avanzado<\/strong>: Software de \u00faltima generaci\u00f3n 100% LIBRE DE ERRORES gracias a Cyclic Redundant Check (CRD) y Hamming Codes (Error Correction).<\/span><\/span><\/li>\n<li><span class=\"VIiyi\" lang=\"es\"><span class=\"JLqJ4b ChMk0b\" data-language-for-alternatives=\"es\" data-language-to-translate-into=\"pt\" data-phrase-index=\"0\" data-number-of-phrases=\"1\"><strong>Cumple con los requisitos del producto<\/strong>: Los controles de la l\u00ednea Alpha 600XS est\u00e1n dise\u00f1ados y fabricados de acuerdo con las siguientes normas: Normas FCC Parte 15, Directivas europeas (CE\/CB), Especificaciones de Industry Canada (IC) e ISO 9001 y EN SO 13849-1:2008<\/span><\/span><\/li>\n<\/ul>\n<h3>Disponible en las siguientes variaciones:<\/h3>\n<ol>\n<li>Alfa 608AS \u2192 (8) botones con etapa simple<\/li>\n<li>Alpha 608BS \u2192 (6) botones con doble etapa + (2) botones con una sola etapa<\/li>\n<li>Alfa 608ATS \u2192 (7) botones con etapa simple + (1) bot\u00f3n con SELECCI\u00d3N I\/II*<\/li>\n<li>Alpha 608BTS \u2192 (6) botones con doble etapa + (1) bot\u00f3n con SELECT I\/II* + (1) bot\u00f3n con etapa simple<\/li>\n<\/ol>\n<p>Conozca otras variantes: <a href=\"https:\/\/seyconel.com.br\/categoria\/controle-remoto-industrial\/linha-alpha-600xs\/\">L\u00ednea Alpha 600xs\u00a0<\/a><\/p>\n<h3>Descargas<\/h3>\n<ul>\n<li><a href=\"http:\/\/seyconel.com.br\/download\/programador-alpha-600xs\/\">Programador<\/a> (ZIP)<\/li>\n<li><a href=\"http:\/\/seyconel.com.br\/download\/manual-alpha-600xs\/\">Manual<\/a> (PDF)<\/li>\n<\/ul>\n","protected":false},"excerpt":{"rendered":"<p><strong>Soluci\u00f3n para<\/strong>: Gr\u00faas a\u00e9reas, monorra\u00edles, gr\u00faas m\u00faltiples, miner\u00eda, construcci\u00f3n<\/p>\n","protected":false},"featured_media":366,"template":"","meta":[],"product_cat":[148,149],"product_tag":[222,181,223,182,196,183],"_links":{"self":[{"href":"https:\/\/seyconel.com\/es\/wp-json\/wp\/v2\/product\/333"}],"collection":[{"href":"https:\/\/seyconel.com\/es\/wp-json\/wp\/v2\/product"}],"about":[{"href":"https:\/\/seyconel.com\/es\/wp-json\/wp\/v2\/types\/product"}],"version-history":[{"count":6,"href":"https:\/\/seyconel.com\/es\/wp-json\/wp\/v2\/product\/333\/revisions"}],"predecessor-version":[{"id":1350,"href":"https:\/\/seyconel.com\/es\/wp-json\/wp\/v2\/product\/333\/revisions\/1350"}],"wp:featuredmedia":[{"embeddable":true,"href":"https:\/\/seyconel.com\/es\/wp-json\/wp\/v2\/media\/366"}],"wp:attachment":[{"href":"https:\/\/seyconel.com\/es\/wp-json\/wp\/v2\/media?parent=333"}],"wp:term":[{"taxonomy":"product_cat","embeddable":true,"href":"https:\/\/seyconel.com\/es\/wp-json\/wp\/v2\/product_cat?post=333"},{"taxonomy":"product_tag","embeddable":true,"href":"https:\/\/seyconel.com\/es\/wp-json\/wp\/v2\/product_tag?post=333"}],"curies":[{"name":"wp","href":"https:\/\/api.w.org\/{rel}","templated":true}]}}