{"id":332,"date":"2022-03-03T09:27:40","date_gmt":"2022-03-03T12:27:40","guid":{"rendered":"https:\/\/seyconel.com\/es\/?post_type=product&#038;p=332"},"modified":"2024-09-17T14:00:26","modified_gmt":"2024-09-17T17:00:26","slug":"fin-de-curso-cruz","status":"publish","type":"product","link":"https:\/\/seyconel.com\/es\/productos\/fin-de-curso-cruz\/","title":{"rendered":"Fin de curso cruz"},"content":{"rendered":"<p><span class=\"VIiyi\" lang=\"es\"><span class=\"JLqJ4b ChMk0b\" data-language-for-alternatives=\"es\" data-language-to-translate-into=\"pt\" data-phrase-index=\"0\" data-number-of-phrases=\"1\">El equipo contiene 2 varillas que forman una cruz, en las que es posible definir la posici\u00f3n del actuador (equipo que har\u00e1 girar la varilla del equipo) desactivando la segunda velocidad o movimiento.<\/span><\/span><\/p>\n<p><span class=\"VIiyi\" lang=\"es\"><span class=\"JLqJ4b ChMk0b\" data-language-for-alternatives=\"es\" data-language-to-translate-into=\"pt\" data-phrase-index=\"0\" data-number-of-phrases=\"1\">Soluci\u00f3n para:<\/span><\/span><\/p>\n<ul>\n<li>Puente rodante<\/li>\n<li>Coche de gr\u00faa a\u00e9rea<\/li>\n<\/ul>\n","protected":false},"excerpt":{"rendered":"<p><span class=\"VIiyi\" lang=\"es\"><span class=\"JLqJ4b ChMk0b\" data-language-for-alternatives=\"es\" data-language-to-translate-into=\"pt\" data-phrase-index=\"0\" data-number-of-phrases=\"1\">El final de carrera cruzado Seyconel es un dispositivo utilizado para controlar el l\u00edmite de posici\u00f3n del equipo.<\/span><\/span><\/p>\n<p><span class=\"VIiyi\" lang=\"es\"><span class=\"JLqJ4b ChMk0b\" data-language-for-alternatives=\"es\" data-language-to-translate-into=\"pt\" data-phrase-index=\"0\" data-number-of-phrases=\"1\">La aplicaci\u00f3n t\u00edpica es para controlar la posici\u00f3n de la gr\u00faa o carro puente, desactivando inicialmente la segunda velocidad y poco despu\u00e9s de desactivar uno de los movimientos, solo es posible el retorno.<\/span><\/span><\/p>\n","protected":false},"featured_media":364,"template":"","meta":[],"product_cat":[147],"product_tag":[247,244],"_links":{"self":[{"href":"https:\/\/seyconel.com\/es\/wp-json\/wp\/v2\/product\/332"}],"collection":[{"href":"https:\/\/seyconel.com\/es\/wp-json\/wp\/v2\/product"}],"about":[{"href":"https:\/\/seyconel.com\/es\/wp-json\/wp\/v2\/types\/product"}],"version-history":[{"count":5,"href":"https:\/\/seyconel.com\/es\/wp-json\/wp\/v2\/product\/332\/revisions"}],"predecessor-version":[{"id":1354,"href":"https:\/\/seyconel.com\/es\/wp-json\/wp\/v2\/product\/332\/revisions\/1354"}],"wp:featuredmedia":[{"embeddable":true,"href":"https:\/\/seyconel.com\/es\/wp-json\/wp\/v2\/media\/364"}],"wp:attachment":[{"href":"https:\/\/seyconel.com\/es\/wp-json\/wp\/v2\/media?parent=332"}],"wp:term":[{"taxonomy":"product_cat","embeddable":true,"href":"https:\/\/seyconel.com\/es\/wp-json\/wp\/v2\/product_cat?post=332"},{"taxonomy":"product_tag","embeddable":true,"href":"https:\/\/seyconel.com\/es\/wp-json\/wp\/v2\/product_tag?post=332"}],"curies":[{"name":"wp","href":"https:\/\/api.w.org\/{rel}","templated":true}]}}