{"id":331,"date":"2022-03-03T09:27:40","date_gmt":"2022-03-03T12:27:40","guid":{"rendered":"https:\/\/seyconel.com\/es\/?post_type=product&#038;p=331"},"modified":"2024-09-17T14:00:44","modified_gmt":"2024-09-17T17:00:44","slug":"fim-de-curso-rotativo","status":"publish","type":"product","link":"https:\/\/seyconel.com\/es\/productos\/fim-de-curso-rotativo\/","title":{"rendered":"Fin de Curso Rotativo"},"content":{"rendered":"<h3>Caracter\u00edsticas<\/h3>\n<ul>\n<li><span class=\"VIiyi\" lang=\"es\"><span class=\"JLqJ4b ChMk0b\" data-language-for-alternatives=\"es\" data-language-to-translate-into=\"pt\" data-phrase-index=\"0\" data-number-of-phrases=\"1\">Alta resistencia al impacto con aditivo que contiene ABS<\/span><\/span><\/li>\n<li><span class=\"VIiyi\" lang=\"es\"><span class=\"JLqJ4b ChMk0b\" data-language-for-alternatives=\"es\" data-language-to-translate-into=\"pt\" data-phrase-index=\"0\" data-number-of-phrases=\"1\">F\u00e1cil montaje de cables<\/span><\/span><\/li>\n<li><span class=\"VIiyi\" lang=\"es\"><span class=\"JLqJ4b ChMk0b\" data-language-for-alternatives=\"es\" data-language-to-translate-into=\"pt\" data-phrase-index=\"0\" data-number-of-phrases=\"1\">Microllaves de alta durabilidad<\/span><\/span><\/li>\n<\/ul>\n<h3><span class=\"VIiyi\" lang=\"es\"><span class=\"JLqJ4b ChMk0b\" data-language-for-alternatives=\"es\" data-language-to-translate-into=\"pt\" data-phrase-index=\"0\" data-number-of-phrases=\"1\">Soluci\u00f3n para:<\/span><\/span><\/h3>\n<ul>\n<li>puente rodante<\/li>\n<li><span class=\"VIiyi\" lang=\"es\"><span class=\"JLqJ4b ChMk0b\" data-language-for-alternatives=\"es\" data-language-to-translate-into=\"pt\" data-phrase-index=\"0\" data-number-of-phrases=\"1\">monorra\u00edles<\/span><\/span><\/li>\n<li><span class=\"VIiyi\" lang=\"es\"><span class=\"JLqJ4b ChMk0b\" data-language-for-alternatives=\"es\" data-language-to-translate-into=\"pt\" data-phrase-index=\"0\" data-number-of-phrases=\"1\">p\u00f3rticos<\/span><\/span><\/li>\n<li><span class=\"VIiyi\" lang=\"es\"><span class=\"JLqJ4b ChMk0b\" data-language-for-alternatives=\"es\" data-language-to-translate-into=\"pt\" data-phrase-index=\"0\" data-number-of-phrases=\"1\">montacargas<\/span><\/span><\/li>\n<\/ul>\n","protected":false},"excerpt":{"rendered":"<p><span class=\"VIiyi\" lang=\"es\"><span class=\"JLqJ4b ChMk0b\" data-language-for-alternatives=\"es\" data-language-to-translate-into=\"pt\" data-phrase-index=\"0\" data-number-of-phrases=\"3\">El interruptor de l\u00edmite rotativo Seyconel es un dispositivo utilizado para controlar el n\u00famero de rotaciones o el \u00e1ngulo de rotaci\u00f3n en m\u00e1quinas industriales y de construcci\u00f3n.<\/span> <\/span><\/p>\n<p><span class=\"VIiyi\" lang=\"es\"><span class=\"JLqJ4b ChMk0b\" data-language-for-alternatives=\"es\" data-language-to-translate-into=\"pt\" data-phrase-index=\"2\" data-number-of-phrases=\"3\">La unidad, a trav\u00e9s de un sistema de engranajes y levas de transmisi\u00f3n, controla 2 o 4 microinterruptores para que, despu\u00e9s de un n\u00famero definido de revoluciones, pueda arrancar o parar el motor o el dispositivo.<\/span><\/span><\/p>\n","protected":false},"featured_media":362,"template":"","meta":[],"product_cat":[147],"product_tag":[246,244,245],"_links":{"self":[{"href":"https:\/\/seyconel.com\/es\/wp-json\/wp\/v2\/product\/331"}],"collection":[{"href":"https:\/\/seyconel.com\/es\/wp-json\/wp\/v2\/product"}],"about":[{"href":"https:\/\/seyconel.com\/es\/wp-json\/wp\/v2\/types\/product"}],"version-history":[{"count":5,"href":"https:\/\/seyconel.com\/es\/wp-json\/wp\/v2\/product\/331\/revisions"}],"predecessor-version":[{"id":1349,"href":"https:\/\/seyconel.com\/es\/wp-json\/wp\/v2\/product\/331\/revisions\/1349"}],"wp:featuredmedia":[{"embeddable":true,"href":"https:\/\/seyconel.com\/es\/wp-json\/wp\/v2\/media\/362"}],"wp:attachment":[{"href":"https:\/\/seyconel.com\/es\/wp-json\/wp\/v2\/media?parent=331"}],"wp:term":[{"taxonomy":"product_cat","embeddable":true,"href":"https:\/\/seyconel.com\/es\/wp-json\/wp\/v2\/product_cat?post=331"},{"taxonomy":"product_tag","embeddable":true,"href":"https:\/\/seyconel.com\/es\/wp-json\/wp\/v2\/product_tag?post=331"}],"curies":[{"name":"wp","href":"https:\/\/api.w.org\/{rel}","templated":true}]}}