{"id":330,"date":"2022-03-03T09:27:40","date_gmt":"2022-03-03T12:27:40","guid":{"rendered":"https:\/\/seyconel.com\/es\/?post_type=product&#038;p=330"},"modified":"2022-03-09T15:03:10","modified_gmt":"2022-03-09T18:03:10","slug":"botoeiras","status":"publish","type":"product","link":"https:\/\/seyconel.com\/es\/productos\/botoeiras\/","title":{"rendered":"Ojales"},"content":{"rendered":"<p><span class=\"VIiyi\" lang=\"es\"><span class=\"JLqJ4b ChMk0b\" data-language-for-alternatives=\"es\" data-language-to-translate-into=\"pt\" data-phrase-index=\"0\" data-number-of-phrases=\"3\">Disponemos de varios modelos de pulsadores entre 3 y 12 pulsadores, de una o dos etapas, con enclavamiento mec\u00e1nico, pulsador de emergencia normalizado y tambi\u00e9n con posibilidad de a\u00f1adir selector e interruptor extra\u00edble.<\/span> <\/span><\/p>\n<p><span class=\"VIiyi\" lang=\"es\"><span class=\"JLqJ4b ChMk0b\" data-language-for-alternatives=\"es\" data-language-to-translate-into=\"pt\" data-phrase-index=\"2\" data-number-of-phrases=\"3\">Equipo conforme a IEC\/EN60947-5-1.<\/span><\/span><\/p>\n<p>&nbsp;<\/p>\n","protected":false},"excerpt":{"rendered":"<p><span class=\"JLqJ4b ChMk0b\" data-language-for-alternatives=\"es\" data-language-to-translate-into=\"pt\" data-phrase-index=\"0\" data-number-of-phrases=\"3\">Los pulsadores son la versi\u00f3n cableada del mando a distancia y tambi\u00e9n se utilizan para accionar equipos de elevaci\u00f3n y elevaci\u00f3n en puentes gr\u00faa, p\u00f3rticos, monorra\u00edles y polipastos.<\/span><\/p>\n<p><span class=\"JLqJ4b ChMk0b\" data-language-for-alternatives=\"es\" data-language-to-translate-into=\"pt\" data-phrase-index=\"2\" data-number-of-phrases=\"3\">Tambi\u00e9n est\u00e1n indicados para accionar puertas y diversas m\u00e1quinas que requieran un control remoto con cable, entre otras aplicaciones.<\/span><\/p>\n","protected":false},"featured_media":360,"template":"","meta":[],"product_cat":[147],"product_tag":[243,242],"_links":{"self":[{"href":"https:\/\/seyconel.com\/es\/wp-json\/wp\/v2\/product\/330"}],"collection":[{"href":"https:\/\/seyconel.com\/es\/wp-json\/wp\/v2\/product"}],"about":[{"href":"https:\/\/seyconel.com\/es\/wp-json\/wp\/v2\/types\/product"}],"version-history":[{"count":4,"href":"https:\/\/seyconel.com\/es\/wp-json\/wp\/v2\/product\/330\/revisions"}],"predecessor-version":[{"id":1170,"href":"https:\/\/seyconel.com\/es\/wp-json\/wp\/v2\/product\/330\/revisions\/1170"}],"wp:featuredmedia":[{"embeddable":true,"href":"https:\/\/seyconel.com\/es\/wp-json\/wp\/v2\/media\/360"}],"wp:attachment":[{"href":"https:\/\/seyconel.com\/es\/wp-json\/wp\/v2\/media?parent=330"}],"wp:term":[{"taxonomy":"product_cat","embeddable":true,"href":"https:\/\/seyconel.com\/es\/wp-json\/wp\/v2\/product_cat?post=330"},{"taxonomy":"product_tag","embeddable":true,"href":"https:\/\/seyconel.com\/es\/wp-json\/wp\/v2\/product_tag?post=330"}],"curies":[{"name":"wp","href":"https:\/\/api.w.org\/{rel}","templated":true}]}}